{"id":117,"date":"2024-07-02T19:11:37","date_gmt":"2024-07-02T17:11:37","guid":{"rendered":"http:\/\/wvrvfbf.cluster023.hosting.ovh.net\/?page_id=117"},"modified":"2025-05-15T23:57:47","modified_gmt":"2025-05-15T21:57:47","slug":"programme-des-activites","status":"publish","type":"page","link":"https:\/\/congresfnas.fr\/index.php\/programme-des-activites\/","title":{"rendered":"Programme des activit\u00e9s"},"content":{"rendered":"<p>[et_pb_section fb_built=\u00a0\u00bb1&Prime; _builder_version=\u00a0\u00bb4.25.2&Prime; _module_preset=\u00a0\u00bbdefault\u00a0\u00bb hover_enabled=\u00a0\u00bb0&Prime; global_colors_info=\u00a0\u00bb{}\u00a0\u00bb sticky_enabled=\u00a0\u00bb0&Prime;][et_pb_row _builder_version=\u00a0\u00bb4.25.2&Prime; _module_preset=\u00a0\u00bbdefault\u00a0\u00bb background_color=\u00a0\u00bb#f18700&Prime; border_radii=\u00a0\u00bbon|12px|12px|12px|12px\u00a0\u00bb global_colors_info=\u00a0\u00bb{}\u00a0\u00bb][et_pb_column type=\u00a0\u00bb4_4&Prime; _builder_version=\u00a0\u00bb4.25.2&Prime; _module_preset=\u00a0\u00bbdefault\u00a0\u00bb global_colors_info=\u00a0\u00bb{}\u00a0\u00bb][et_pb_text _builder_version=\u00a0\u00bb4.25.2&Prime; _module_preset=\u00a0\u00bbdefault\u00a0\u00bb global_colors_info=\u00a0\u00bb{}\u00a0\u00bb]<\/p>\n<h1 style=\"text-align: center;\"><span style=\"color: #ffffff;\"><strong>PROGRAMME DES ACTIVITES<br \/><\/strong><\/span><\/h1>\n<p>[\/et_pb_text][\/et_pb_column][\/et_pb_row][et_pb_row _builder_version=\u00a0\u00bb4.25.2&Prime; _module_preset=\u00a0\u00bbdefault\u00a0\u00bb custom_padding=\u00a0\u00bb63px||8px|||\u00a0\u00bb global_colors_info=\u00a0\u00bb{}\u00a0\u00bb][et_pb_column type=\u00a0\u00bb4_4&Prime; _builder_version=\u00a0\u00bb4.25.2&Prime; _module_preset=\u00a0\u00bbdefault\u00a0\u00bb global_colors_info=\u00a0\u00bb{}\u00a0\u00bb][et_pb_text _builder_version=\u00a0\u00bb4.25.2&Prime; _module_preset=\u00a0\u00bbdefault\u00a0\u00bb background_color=\u00a0\u00bbrgba(224,192,123,0.68)\u00a0\u00bb custom_margin=\u00a0\u00bb||24px|||\u00a0\u00bb global_colors_info=\u00a0\u00bb{}\u00a0\u00bb]<\/p>\n<p><strong><span style=\"color: #0000ff; font-size: x-large;\">PROGRAMME POUR LES PERSONNES ACCOMPAGNANTES<\/span><\/strong><\/p>\n<h3><\/h3>\n<p>[\/et_pb_text][et_pb_text _builder_version=\u00a0\u00bb4.25.2&Prime; _module_preset=\u00a0\u00bbdefault\u00a0\u00bb custom_margin=\u00a0\u00bb||24px|||\u00a0\u00bb global_colors_info=\u00a0\u00bb{}\u00a0\u00bb]<\/p>\n<p>Nous sommes ravis de vous accueillir au Congr\u00e8s National des Acef. Pendant que nos administrateurs participent aux sessions de travail, nous avons pr\u00e9par\u00e9 pour vous un programme sp\u00e9cial, riche et vari\u00e9, pour que vous puissiez \u00e9galement profiter de ce s\u00e9jour. Nous esp\u00e9rons que ce programme vous permettra de passer un agr\u00e9able s\u00e9jour tout en d\u00e9couvrant notre r\u00e9gion. Profitez de chaque moment, et n&rsquo;h\u00e9sitez pas \u00e0 nous faire part de vos impressions !<\/p>\n<p>&nbsp;<\/p>\n<h3><strong>Voici les activit\u00e9s que nous avons organis\u00e9es pour vous :<\/strong><\/h3>\n<p>[\/et_pb_text][\/et_pb_column][\/et_pb_row][et_pb_row column_structure=\u00a0\u00bb1_2,1_2&Prime; _builder_version=\u00a0\u00bb4.25.2&Prime; _module_preset=\u00a0\u00bbdefault\u00a0\u00bb custom_padding=\u00a0\u00bb10px|||||\u00a0\u00bb global_colors_info=\u00a0\u00bb{}\u00a0\u00bb][et_pb_column type=\u00a0\u00bb1_2&Prime; _builder_version=\u00a0\u00bb4.25.2&Prime; _module_preset=\u00a0\u00bbdefault\u00a0\u00bb global_colors_info=\u00a0\u00bb{}\u00a0\u00bb][et_pb_text _builder_version=\u00a0\u00bb4.25.2&Prime; _module_preset=\u00a0\u00bbdefault\u00a0\u00bb hover_enabled=\u00a0\u00bb0&Prime; global_colors_info=\u00a0\u00bb{}\u00a0\u00bb sticky_enabled=\u00a0\u00bb0&Prime;]<\/p>\n<h5 class=\"et_pb_toggle_title et-fb-editable-element et-fb-editable-element__editing\" data-shortcode-id=\"1.2.0.0.0-1720509039588\" data-quickaccess-id=\"toggle\" data-quickaccess-order=\"1\" contenteditable=\"true\"><span style=\"color: #0000ff; font-size: x-large;\">Jeudi 22 mai : Bienvenue \u00e0 Tours<br \/><\/span><\/h5>\n<ul>\n<li>09h00-10h00 ou 12h00-12h30 : Accueil<\/li>\n<li>10h00-12h00 : Formation \u00ab\u00a0les gestes qui sauvent\u00a0\u00bb<\/li>\n<li>12h30-14h00 : D\u00e9jeuner au Palais des Congr\u00e8s<\/li>\n<li>14h30-16h30 : Visite guid\u00e9e de la ville de Tours.<br \/><em>RDV \u00e0 14h15 dans le hall du Palais des Congr\u00e8s et partez \u00e0 la d\u00e9couverte <\/em><em>des principaux sites historiques et du riche patrimoine culturel tourangeau.<\/em><em><\/em><\/li>\n<\/ul>\n<p>[\/et_pb_text][et_pb_image src=\u00a0\u00bbhttp:\/\/congresfnas.fr\/wp-content\/uploads\/2024\/10\/place_plumereau_ville_tours_adt_touraine_coutand_2029.jpg\u00a0\u00bb title_text=\u00a0\u00bbplace_plumereau_ville_tours_adt_touraine_coutand_2029&Prime; _builder_version=\u00a0\u00bb4.25.2&Prime; _module_preset=\u00a0\u00bbdefault\u00a0\u00bb width=\u00a0\u00bb95%\u00a0\u00bb global_colors_info=\u00a0\u00bb{}\u00a0\u00bb][\/et_pb_image][\/et_pb_column][et_pb_column type=\u00a0\u00bb1_2&Prime; _builder_version=\u00a0\u00bb4.25.2&Prime; _module_preset=\u00a0\u00bbdefault\u00a0\u00bb global_colors_info=\u00a0\u00bb{}\u00a0\u00bb][et_pb_text _builder_version=\u00a0\u00bb4.25.2&Prime; _module_preset=\u00a0\u00bbdefault\u00a0\u00bb custom_margin=\u00a0\u00bb||1px|||\u00a0\u00bb custom_padding=\u00a0\u00bb||0px|0px||\u00a0\u00bb hover_enabled=\u00a0\u00bb0&Prime; global_colors_info=\u00a0\u00bb{}\u00a0\u00bb sticky_enabled=\u00a0\u00bb0&Prime;]<\/p>\n<h5 class=\"et_pb_toggle_title et-fb-editable-element et-fb-editable-element__editing\" data-shortcode-id=\"1.2.1.0.0-1720509039674\" data-quickaccess-id=\"toggle\" data-quickaccess-order=\"1\" contenteditable=\"true\"><span style=\"color: #0000ff; font-size: x-large;\">Vendredi 23 mai : la Touraine des \u00e9crivains<\/span><\/h5>\n<ul>\n<li>08h30 &#8211; RDV Hall du Palais des Congr\u00e8s<\/li>\n<li>08h45 &#8211; D\u00e9part des autocars du Palais des Congr\u00e8s<\/li>\n<li>10h00-11h30 &#8211; Visite guid\u00e9e du Mus\u00e9e Rabelais \u00e0 Seuilly<\/li>\n<li>12h00-13h30 &#8211; D\u00e9jeuner au Bistrot de la Place, \u00e0 Chinon<\/li>\n<li>14h00-15h30 &#8211; Visite du Mus\u00e9e Balzac \u00e0 Sach\u00e9<\/li>\n<li>16h00-17h15 &#8211; Visite du Prieur\u00e9 Saint-C\u00f4me, demeure de Ronsard \u00e0 La Riche<\/li>\n<li>17h30 &#8211; Retour au Palais des Congr\u00e8s<\/li>\n<\/ul>\n<p>[\/et_pb_text][et_pb_image src=\u00a0\u00bbhttp:\/\/congresfnas.fr\/wp-content\/uploads\/2024\/10\/la-deviniere.jpeg\u00a0\u00bb title_text=\u00a0\u00bbla-deviniere\u00a0\u00bb force_fullwidth=\u00a0\u00bbon\u00a0\u00bb _builder_version=\u00a0\u00bb4.25.2&Prime; _module_preset=\u00a0\u00bbdefault\u00a0\u00bb global_colors_info=\u00a0\u00bb{}\u00a0\u00bb][\/et_pb_image][\/et_pb_column][\/et_pb_row][et_pb_row _builder_version=\u00a0\u00bb4.25.2&Prime; _module_preset=\u00a0\u00bbdefault\u00a0\u00bb custom_padding=\u00a0\u00bb||6px|||\u00a0\u00bb global_colors_info=\u00a0\u00bb{}\u00a0\u00bb][et_pb_column type=\u00a0\u00bb4_4&Prime; _builder_version=\u00a0\u00bb4.25.2&Prime; _module_preset=\u00a0\u00bbdefault\u00a0\u00bb global_colors_info=\u00a0\u00bb{}\u00a0\u00bb][et_pb_text _builder_version=\u00a0\u00bb4.25.2&Prime; _module_preset=\u00a0\u00bbdefault\u00a0\u00bb background_color=\u00a0\u00bbrgba(224,192,123,0.68)\u00a0\u00bb custom_margin=\u00a0\u00bb||24px|||\u00a0\u00bb global_colors_info=\u00a0\u00bb{}\u00a0\u00bb]<\/p>\n<p><span style=\"color: #0000ff; font-size: x-large;\"><strong>MOMENTS CONVIVIAUX POUR TOUS LES PARTICIPANTS<\/strong><br \/><\/span><\/p>\n<h3><\/h3>\n<p>[\/et_pb_text][\/et_pb_column][\/et_pb_row][et_pb_row column_structure=\u00a0\u00bb3_5,2_5&Prime; _builder_version=\u00a0\u00bb4.25.2&Prime; _module_preset=\u00a0\u00bbdefault\u00a0\u00bb min_height=\u00a0\u00bb272.8px\u00a0\u00bb custom_margin=\u00a0\u00bb-8px|auto||auto||\u00a0\u00bb custom_padding=\u00a0\u00bb13px|||||\u00a0\u00bb global_colors_info=\u00a0\u00bb{}\u00a0\u00bb][et_pb_column type=\u00a0\u00bb3_5&Prime; _builder_version=\u00a0\u00bb4.25.2&Prime; _module_preset=\u00a0\u00bbdefault\u00a0\u00bb global_colors_info=\u00a0\u00bb{}\u00a0\u00bb][et_pb_text _builder_version=\u00a0\u00bb4.25.2&Prime; _module_preset=\u00a0\u00bbdefault\u00a0\u00bb custom_margin=\u00a0\u00bb|86px||||\u00a0\u00bb custom_padding=\u00a0\u00bb|0px||||\u00a0\u00bb global_colors_info=\u00a0\u00bb{}\u00a0\u00bb]<\/p>\n<p><span style=\"font-size: x-large; color: #ff6600;\">D\u00ceNER \u00e0 l&rsquo;H\u00f4tel de Ville <\/span><\/p>\n<p><span style=\"font-size: x-large; color: #ff6600;\">Jeudi 22 mai &#8211; 19h30-23h00<br \/><\/span><\/p>\n<p>[\/et_pb_text][et_pb_text _builder_version=\u00a0\u00bb4.25.2&Prime; _module_preset=\u00a0\u00bbdefault\u00a0\u00bb width=\u00a0\u00bb87.7%\u00a0\u00bb custom_margin=\u00a0\u00bb|-307px||||\u00a0\u00bb hover_enabled=\u00a0\u00bb0&Prime; global_colors_info=\u00a0\u00bb{}\u00a0\u00bb sticky_enabled=\u00a0\u00bb0&Prime;]<\/p>\n<p>Sur la place Jean Jaur\u00e8s, l\u2019H\u00f4tel de Ville de Tours constitue l\u2019une des plus imposantes r\u00e9alisations de son c\u00e9l\u00e8bre architecte : le tourangeau Victor Laloux, \u00e0 qui l\u2019on doit \u00e9galement l\u2019ancienne gare d\u2019Orsay \u00e0 Paris, aujourd\u2019hui Mus\u00e9e d\u2019Orsay.<br \/>. 19h30 &#8211; Accueil<br \/>. 19h30-20h30 &#8211; Ap\u00e9ritif jazz<br \/>. 20h30-22h45 &#8211; D\u00eener agr\u00e9ment\u00e9 d&rsquo;une touche de magie<\/p>\n<p>[\/et_pb_text][\/et_pb_column][et_pb_column type=\u00a0\u00bb2_5&Prime; _builder_version=\u00a0\u00bb4.25.2&Prime; _module_preset=\u00a0\u00bbdefault\u00a0\u00bb global_colors_info=\u00a0\u00bb{}\u00a0\u00bb][et_pb_image src=\u00a0\u00bbhttp:\/\/congresfnas.fr\/wp-content\/uploads\/2024\/07\/hotel-de-ville.jpeg\u00a0\u00bb title_text=\u00a0\u00bbhotel-de-ville\u00a0\u00bb force_fullwidth=\u00a0\u00bbon\u00a0\u00bb _builder_version=\u00a0\u00bb4.25.2&Prime; _module_preset=\u00a0\u00bbdefault\u00a0\u00bb custom_margin=\u00a0\u00bb||0px|0px|false|false\u00a0\u00bb custom_padding=\u00a0\u00bb|||0px||\u00a0\u00bb hover_enabled=\u00a0\u00bb0&Prime; global_colors_info=\u00a0\u00bb{}\u00a0\u00bb sticky_enabled=\u00a0\u00bb0&Prime;][\/et_pb_image][\/et_pb_column][\/et_pb_row][et_pb_row _builder_version=\u00a0\u00bb4.25.2&Prime; _module_preset=\u00a0\u00bbdefault\u00a0\u00bb custom_margin=\u00a0\u00bb|auto|-29px|auto||\u00a0\u00bb global_colors_info=\u00a0\u00bb{}\u00a0\u00bb][et_pb_column type=\u00a0\u00bb4_4&Prime; _builder_version=\u00a0\u00bb4.25.2&Prime; _module_preset=\u00a0\u00bbdefault\u00a0\u00bb global_colors_info=\u00a0\u00bb{}\u00a0\u00bb][et_pb_text _builder_version=\u00a0\u00bb4.25.2&Prime; _module_preset=\u00a0\u00bbdefault\u00a0\u00bb hover_enabled=\u00a0\u00bb0&Prime; global_colors_info=\u00a0\u00bb{}\u00a0\u00bb sticky_enabled=\u00a0\u00bb0&Prime;]<\/p>\n<p><span style=\"font-size: x-large; color: #ff6600;\">SOIR\u00c9E DE GALA au Ch\u00e2teau de Jallanges<\/span><\/p>\n<p><span style=\"font-size: x-large; color: #ff6600;\">Vendredi 23 mai &#8211; 19h00-00h30<\/span><em><span style=\"font-size: x-large; color: #ff6600;\"><br \/><\/span><\/em><\/p>\n<p>[\/et_pb_text][\/et_pb_column][\/et_pb_row][et_pb_row _builder_version=\u00a0\u00bb4.25.2&Prime; _module_preset=\u00a0\u00bbdefault\u00a0\u00bb min_height=\u00a0\u00bb421px\u00a0\u00bb custom_margin=\u00a0\u00bb|auto|-34px|auto||\u00a0\u00bb custom_padding=\u00a0\u00bb||0px|||\u00a0\u00bb global_colors_info=\u00a0\u00bb{}\u00a0\u00bb][et_pb_column type=\u00a0\u00bb4_4&Prime; _builder_version=\u00a0\u00bb4.25.2&Prime; _module_preset=\u00a0\u00bbdefault\u00a0\u00bb global_colors_info=\u00a0\u00bb{}\u00a0\u00bb][et_pb_image src=\u00a0\u00bbhttp:\/\/congresfnas.fr\/wp-content\/uploads\/2024\/07\/chateau-jallange.png\u00a0\u00bb title_text=\u00a0\u00bbchateau-jallange\u00a0\u00bb align=\u00a0\u00bbcenter\u00a0\u00bb _builder_version=\u00a0\u00bb4.25.2&Prime; _module_preset=\u00a0\u00bbdefault\u00a0\u00bb width=\u00a0\u00bb62%\u00a0\u00bb global_colors_info=\u00a0\u00bb{}\u00a0\u00bb][\/et_pb_image][\/et_pb_column][\/et_pb_row][et_pb_row _builder_version=\u00a0\u00bb4.25.2&Prime; _module_preset=\u00a0\u00bbdefault\u00a0\u00bb custom_padding=\u00a0\u00bb5px||19px|||\u00a0\u00bb global_colors_info=\u00a0\u00bb{}\u00a0\u00bb][et_pb_column type=\u00a0\u00bb4_4&Prime; _builder_version=\u00a0\u00bb4.25.2&Prime; _module_preset=\u00a0\u00bbdefault\u00a0\u00bb global_colors_info=\u00a0\u00bb{}\u00a0\u00bb][et_pb_text _builder_version=\u00a0\u00bb4.25.2&Prime; _module_preset=\u00a0\u00bbdefault\u00a0\u00bb hover_enabled=\u00a0\u00bb0&Prime; global_colors_info=\u00a0\u00bb{}\u00a0\u00bb sticky_enabled=\u00a0\u00bb0&Prime;]<\/p>\n<p style=\"text-align: justify;\">Nous avons le plaisir de vous inviter \u00e0 la soir\u00e9e de gala de notre congr\u00e8s, qui se tiendra dans le cadre enchanteur du Ch\u00e2teau de Jallanges. Cette soir\u00e9e sera l&rsquo;occasion de c\u00e9l\u00e9brer ensemble les r\u00e9ussites de notre association, de renforcer nos liens et de vivre des moments inoubliables.<\/p>\n<p style=\"text-align: justify;\"><span style=\"text-decoration: underline;\">Programme de la Soir\u00e9e<\/span><\/p>\n<ul>\n<li style=\"text-align: justify;\">19h00 &#8211; D\u00e9part des cars du Palais des Congr\u00e8s<\/li>\n<li style=\"text-align: justify;\">19h30 &#8211; 20h30 : Accueil et Cocktail de Bienvenue<\/li>\n<li style=\"text-align: justify;\">20h30 &#8211; 23h00 : D\u00eener de Gala enchant\u00e9<\/li>\n<li style=\"text-align: justify;\">23h00 &#8211; 00h30 : Soir\u00e9e Dansante<br \/>Que vous pr\u00e9f\u00e9riez les rythmes classiques ou modernes, la piste de danse sera ouverte pour tous ceux qui souhaitent se divertir et partager des moments joyeux.<\/li>\n<\/ul>\n<p style=\"text-align: justify;\"><span style=\"text-decoration: underline;\">Informations pratiques<\/span><em><br \/>&#8211; Transport : Des navettes seront mises \u00e0 disposition pour assurer les trajets aller-retour entre le Palais des Congr\u00e8s et le ch\u00e2teau.<\/em><br \/><em>D\u00e9part \u00e0 19h00 du Palais des Congr\u00e8s<\/em><br \/><em>Pour le retour, 3 d\u00e9parts possibles : 23h00, minuit ou 00h30<br \/>&#8211; Un parking est disponible si vous prenez votre v\u00e9hicule personnel<br \/><\/em><\/p>\n<p style=\"text-align: justify;\">Nous vous attendons nombreux pour partager cette soir\u00e9e, c\u00e9l\u00e9brer nos valeurs de solidarit\u00e9, d&rsquo;entraide et d&rsquo;efficacit\u00e9, et renforcer les liens qui nous unissent. Ensemble, faisons de cette soir\u00e9e de gala un moment m\u00e9morable.<\/p>\n<p>[\/et_pb_text][\/et_pb_column][\/et_pb_row][et_pb_row _builder_version=\u00a0\u00bb4.25.2&Prime; _module_preset=\u00a0\u00bbdefault\u00a0\u00bb global_colors_info=\u00a0\u00bb{}\u00a0\u00bb][et_pb_column type=\u00a0\u00bb4_4&Prime; _builder_version=\u00a0\u00bb4.25.2&Prime; _module_preset=\u00a0\u00bbdefault\u00a0\u00bb global_colors_info=\u00a0\u00bb{}\u00a0\u00bb][et_pb_text _builder_version=\u00a0\u00bb4.25.2&Prime; _module_preset=\u00a0\u00bbdefault\u00a0\u00bb global_colors_info=\u00a0\u00bb{}\u00a0\u00bb]<\/p>\n<p><span style=\"color: #0000ff;\"><span style=\"font-size: x-large;\">EXCURSION POST-CONGRES<\/span><\/span><\/p>\n<p><em><span style=\"color: #0000ff;\"><span style=\"font-size: x-large;\">Samedi 24 mai &#8211; 8h45-17h00<br \/><\/span><\/span><\/em><\/p>\n<p>[\/et_pb_text][\/et_pb_column][\/et_pb_row][et_pb_row column_structure=\u00a0\u00bb1_2,1_2&Prime; _builder_version=\u00a0\u00bb4.25.2&Prime; _module_preset=\u00a0\u00bbdefault\u00a0\u00bb custom_margin=\u00a0\u00bb-23px|auto||auto||\u00a0\u00bb custom_padding=\u00a0\u00bb26px||5px|||\u00a0\u00bb global_colors_info=\u00a0\u00bb{}\u00a0\u00bb][et_pb_column type=\u00a0\u00bb1_2&Prime; _builder_version=\u00a0\u00bb4.25.2&Prime; _module_preset=\u00a0\u00bbdefault\u00a0\u00bb global_colors_info=\u00a0\u00bb{}\u00a0\u00bb][et_pb_text _builder_version=\u00a0\u00bb4.25.2&Prime; _module_preset=\u00a0\u00bbdefault\u00a0\u00bb hover_enabled=\u00a0\u00bb0&Prime; global_colors_info=\u00a0\u00bb{}\u00a0\u00bb sticky_enabled=\u00a0\u00bb0&Prime;]<\/p>\n<p><span style=\"font-size: x-large; color: #ff6600;\"><span style=\"color: #0000ff;\">Amboise<\/span><br \/><\/span><\/p>\n<p style=\"text-align: justify;\">D\u00e9couvrir le majestueux Ch\u00e2teau royal d&rsquo;Amboise, un joyau de l&rsquo;architecture fran\u00e7aise. Situ\u00e9 sur les bords de la Loire, ce ch\u00e2teau embl\u00e9matique offre une plong\u00e9e fascinante dans l&rsquo;histoire de France et la Renaissance. A quelques pas\u00a0 de l\u00e0, le Clos Luc\u00e9 fut la derni\u00e8re demeure de L\u00e9onard, invit\u00e9 par Fran\u00e7ois 1er.<\/p>\n<p style=\"text-align: justify;\"><span style=\"text-decoration: underline;\">Programme de la journ\u00e9e<\/span><\/p>\n<ul>\n<li>09h00 : RDV devant le Palais des Congr\u00e8s<\/li>\n<li>09h15 : D\u00e9part en bus<\/li>\n<li>10h00-12h00 : Visite du ch\u00e2teau et d\u00e9couverte des jardins<\/li>\n<li>12h30-14h00 : D\u00e9jeuner<\/li>\n<li>14h00-16h30 : Escape Game dans les jardin du\u00a0 Clos Luc\u00e9, et visite libre du Ch\u00e2teau, derni\u00e8re r\u00e9sidence de L\u00e9onard de Vinci, et des galeries<\/li>\n<li>16h30 : D\u00e9part du car<\/li>\n<li>17h20 : Arriv\u00e9e au Palais des Congr\u00e8s<\/li>\n<\/ul>\n<p>[\/et_pb_text][\/et_pb_column][et_pb_column type=\u00a0\u00bb1_2&Prime; _builder_version=\u00a0\u00bb4.25.2&Prime; _module_preset=\u00a0\u00bbdefault\u00a0\u00bb global_colors_info=\u00a0\u00bb{}\u00a0\u00bb][et_pb_text _builder_version=\u00a0\u00bb4.25.2&Prime; _module_preset=\u00a0\u00bbdefault\u00a0\u00bb hover_enabled=\u00a0\u00bb0&Prime; global_colors_info=\u00a0\u00bb{}\u00a0\u00bb sticky_enabled=\u00a0\u00bb0&Prime;]<\/p>\n<p><span style=\"font-size: x-large; color: #ff6600;\"><span style=\"color: #0000ff;\">Chenonceau<\/span><br \/><\/span><\/p>\n<p style=\"text-align: justify;\" br=\"\">Le ch\u00e2teau de Chenonceau, majestueusement pos\u00e9 sur le Cher, est un chef-d&rsquo;\u0153uvre de la Renaissance fran\u00e7aise, c\u00e9l\u00e8bre pour ses jardins, son architecture \u00e9l\u00e9gante et les femmes qui y ont v\u00e9cu.<\/p>\n<p style=\"text-align: justify;\"><span style=\"text-decoration: underline;\">Programme de la journ\u00e9e<\/span><\/p>\n<ul>\n<li>08h30 : RDV devant le Palais des Congr\u00e8s<\/li>\n<li>08h45 : D\u00e9part en bus<\/li>\n<li>10h00 -12h30 : Visite du Ch\u00e2teau de Chenonceau et d\u00e9couverte des jardins<\/li>\n<li>12h30-14h30 : D\u00e9jeuner<\/li>\n<li>15h00-16h00 : Croisi\u00e8re sur le Cher<\/li>\n<li>16h30 : Retour en autocar<\/li>\n<li>17h20 : Arriv\u00e9e au Palais des Congr\u00e8s<\/li>\n<\/ul>\n<p>[\/et_pb_text][\/et_pb_column][\/et_pb_row][et_pb_row column_structure=\u00a0\u00bb1_2,1_2&Prime; _builder_version=\u00a0\u00bb4.25.2&Prime; _module_preset=\u00a0\u00bbdefault\u00a0\u00bb custom_margin=\u00a0\u00bb-16px|auto||auto||\u00a0\u00bb global_colors_info=\u00a0\u00bb{}\u00a0\u00bb][et_pb_column type=\u00a0\u00bb1_2&Prime; _builder_version=\u00a0\u00bb4.25.2&Prime; _module_preset=\u00a0\u00bbdefault\u00a0\u00bb global_colors_info=\u00a0\u00bb{}\u00a0\u00bb][et_pb_image src=\u00a0\u00bbhttp:\/\/congresfnas.fr\/wp-content\/uploads\/2024\/10\/amboise.jpeg\u00a0\u00bb title_text=\u00a0\u00bbamboise\u00a0\u00bb force_fullwidth=\u00a0\u00bbon\u00a0\u00bb _builder_version=\u00a0\u00bb4.25.2&Prime; _module_preset=\u00a0\u00bbdefault\u00a0\u00bb height=\u00a0\u00bb298px\u00a0\u00bb global_colors_info=\u00a0\u00bb{}\u00a0\u00bb][\/et_pb_image][\/et_pb_column][et_pb_column type=\u00a0\u00bb1_2&Prime; _builder_version=\u00a0\u00bb4.25.2&Prime; _module_preset=\u00a0\u00bbdefault\u00a0\u00bb global_colors_info=\u00a0\u00bb{}\u00a0\u00bb][et_pb_image src=\u00a0\u00bbhttp:\/\/congresfnas.fr\/wp-content\/uploads\/2024\/10\/chenonceaux.jpeg\u00a0\u00bb title_text=\u00a0\u00bbchenonceaux\u00a0\u00bb _builder_version=\u00a0\u00bb4.25.2&Prime; _module_preset=\u00a0\u00bbdefault\u00a0\u00bb global_colors_info=\u00a0\u00bb{}\u00a0\u00bb][\/et_pb_image][\/et_pb_column][\/et_pb_row][et_pb_row _builder_version=\u00a0\u00bb4.25.2&Prime; _module_preset=\u00a0\u00bbdefault\u00a0\u00bb global_colors_info=\u00a0\u00bb{}\u00a0\u00bb][et_pb_column type=\u00a0\u00bb4_4&Prime; _builder_version=\u00a0\u00bb4.25.2&Prime; _module_preset=\u00a0\u00bbdefault\u00a0\u00bb global_colors_info=\u00a0\u00bb{}\u00a0\u00bb][\/et_pb_column][\/et_pb_row][\/et_pb_section]<\/p>\n","protected":false},"excerpt":{"rendered":"<p>PROGRAMME DES ACTIVITESPROGRAMME POUR LES PERSONNES ACCOMPAGNANTES Nous sommes ravis de vous accueillir au Congr\u00e8s National des Acef. Pendant que nos administrateurs participent aux sessions de travail, nous avons pr\u00e9par\u00e9 pour vous un programme sp\u00e9cial, riche et vari\u00e9, pour que vous puissiez \u00e9galement profiter de ce s\u00e9jour. Nous esp\u00e9rons que ce programme vous permettra de [&hellip;]<\/p>\n","protected":false},"author":1,"featured_media":0,"parent":0,"menu_order":0,"comment_status":"closed","ping_status":"closed","template":"","meta":{"_et_pb_use_builder":"on","_et_pb_old_content":"","_et_gb_content_width":"","footnotes":""},"class_list":["post-117","page","type-page","status-publish","hentry"],"_links":{"self":[{"href":"https:\/\/congresfnas.fr\/index.php\/wp-json\/wp\/v2\/pages\/117","targetHints":{"allow":["GET"]}}],"collection":[{"href":"https:\/\/congresfnas.fr\/index.php\/wp-json\/wp\/v2\/pages"}],"about":[{"href":"https:\/\/congresfnas.fr\/index.php\/wp-json\/wp\/v2\/types\/page"}],"author":[{"embeddable":true,"href":"https:\/\/congresfnas.fr\/index.php\/wp-json\/wp\/v2\/users\/1"}],"replies":[{"embeddable":true,"href":"https:\/\/congresfnas.fr\/index.php\/wp-json\/wp\/v2\/comments?post=117"}],"version-history":[{"count":55,"href":"https:\/\/congresfnas.fr\/index.php\/wp-json\/wp\/v2\/pages\/117\/revisions"}],"predecessor-version":[{"id":8817,"href":"https:\/\/congresfnas.fr\/index.php\/wp-json\/wp\/v2\/pages\/117\/revisions\/8817"}],"wp:attachment":[{"href":"https:\/\/congresfnas.fr\/index.php\/wp-json\/wp\/v2\/media?parent=117"}],"curies":[{"name":"wp","href":"https:\/\/api.w.org\/{rel}","templated":true}]}}