{"id":28,"date":"2024-07-01T13:52:15","date_gmt":"2024-07-01T11:52:15","guid":{"rendered":"http:\/\/wvrvfbf.cluster023.hosting.ovh.net\/?page_id=28"},"modified":"2024-11-06T16:15:06","modified_gmt":"2024-11-06T15:15:06","slug":"comite","status":"publish","type":"page","link":"https:\/\/congresfnas.fr\/index.php\/comite\/","title":{"rendered":"Comit\u00e9"},"content":{"rendered":"<p>[et_pb_section fb_built=\u00a0\u00bb1&Prime; _builder_version=\u00a0\u00bb4.25.2&Prime; _module_preset=\u00a0\u00bbdefault\u00a0\u00bb global_colors_info=\u00a0\u00bb{}\u00a0\u00bb][et_pb_row _builder_version=\u00a0\u00bb4.25.2&Prime; _module_preset=\u00a0\u00bbdefault\u00a0\u00bb background_color=\u00a0\u00bb#f18700&Prime; border_radii=\u00a0\u00bbon|12px|12px|12px|12px\u00a0\u00bb global_colors_info=\u00a0\u00bb{}\u00a0\u00bb][et_pb_column type=\u00a0\u00bb4_4&Prime; _builder_version=\u00a0\u00bb4.25.2&Prime; _module_preset=\u00a0\u00bbdefault\u00a0\u00bb global_colors_info=\u00a0\u00bb{}\u00a0\u00bb][et_pb_text _builder_version=\u00a0\u00bb4.25.2&Prime; _module_preset=\u00a0\u00bbdefault\u00a0\u00bb global_colors_info=\u00a0\u00bb{}\u00a0\u00bb]<\/p>\n<h1 style=\"text-align: center;\"><span style=\"color: #ffffff;\"><strong>LE COMIT\u00c9<\/strong><\/span><\/h1>\n<p>[\/et_pb_text][\/et_pb_column][\/et_pb_row][et_pb_row column_structure=\u00a0\u00bb1_4,1_4,1_4,1_4&Prime; _builder_version=\u00a0\u00bb4.25.2&Prime; _module_preset=\u00a0\u00bbdefault\u00a0\u00bb global_colors_info=\u00a0\u00bb{}\u00a0\u00bb][et_pb_column type=\u00a0\u00bb1_4&Prime; _builder_version=\u00a0\u00bb4.25.2&Prime; _module_preset=\u00a0\u00bbdefault\u00a0\u00bb global_colors_info=\u00a0\u00bb{}\u00a0\u00bb][et_pb_team_member name=\u00a0\u00bbEric SALAGNAC\u00a0\u00bb position=\u00a0\u00bbPr\u00e9sident FNAS \/ Pr\u00e9sident ACEF AURA\u00a0\u00bb image_url=\u00a0\u00bbhttp:\/\/congresfnas.fr\/wp-content\/uploads\/2024\/10\/eric-salagnac.png\u00a0\u00bb _builder_version=\u00a0\u00bb4.25.2&Prime; _module_preset=\u00a0\u00bbdefault\u00a0\u00bb max_width=\u00a0\u00bb83%\u00a0\u00bb global_colors_info=\u00a0\u00bb{}\u00a0\u00bb][\/et_pb_team_member][\/et_pb_column][et_pb_column _builder_version=\u00a0\u00bb4.25.2&Prime; _module_preset=\u00a0\u00bbdefault\u00a0\u00bb type=\u00a0\u00bb1_4&Prime;][et_pb_team_member name=\u00a0\u00bbJean-Marc TOMASI\u00a0\u00bb position=\u00a0\u00bbVice-Pr\u00e9sident FNAS \/ Pr\u00e9sident F\u00e9d\u00e9ration des ACEF M\u00e9diterran\u00e9e\u00a0\u00bb image_url=\u00a0\u00bbhttp:\/\/congresfnas.fr\/wp-content\/uploads\/2024\/10\/jm.tomasi.jpg\u00a0\u00bb _builder_version=\u00a0\u00bb4.25.2&Prime; _module_preset=\u00a0\u00bbdefault\u00a0\u00bb width=\u00a0\u00bb97%\u00a0\u00bb max_width=\u00a0\u00bb100%\u00a0\u00bb global_colors_info=\u00a0\u00bb{}\u00a0\u00bb][\/et_pb_team_member][\/et_pb_column][et_pb_column type=\u00a0\u00bb1_4&Prime; _builder_version=\u00a0\u00bb4.25.2&Prime; _module_preset=\u00a0\u00bbdefault\u00a0\u00bb global_colors_info=\u00a0\u00bb{}\u00a0\u00bb][et_pb_team_member name=\u00a0\u00bbPhilippe VANBERSELAERT\u00a0\u00bb position=\u00a0\u00bbTr\u00e9sorier FNAS \/ Pr\u00e9sident ACEF Nord\u00a0\u00bb image_url=\u00a0\u00bbhttp:\/\/congresfnas.fr\/wp-content\/uploads\/2024\/10\/p-vanberselaert.jpg\u00a0\u00bb _builder_version=\u00a0\u00bb4.25.2&Prime; _module_preset=\u00a0\u00bbdefault\u00a0\u00bb max_width=\u00a0\u00bb83%\u00a0\u00bb border_radii_image=\u00a0\u00bboff||||\u00a0\u00bb global_colors_info=\u00a0\u00bb{}\u00a0\u00bb][\/et_pb_team_member][\/et_pb_column][et_pb_column type=\u00a0\u00bb1_4&Prime; _builder_version=\u00a0\u00bb4.25.2&Prime; _module_preset=\u00a0\u00bbdefault\u00a0\u00bb global_colors_info=\u00a0\u00bb{}\u00a0\u00bb][et_pb_team_member name=\u00a0\u00bbMichel CALVET\u00a0\u00bb position=\u00a0\u00bbSecr\u00e9taire G\u00e9n\u00e9ral FNAS \/ Pr\u00e9sident F\u00e9d\u00e9ration des ACEF du Sud\u00a0\u00bb image_url=\u00a0\u00bbhttp:\/\/congresfnas.fr\/wp-content\/uploads\/2024\/10\/m.calvet.jpg\u00a0\u00bb _builder_version=\u00a0\u00bb4.25.2&Prime; _module_preset=\u00a0\u00bbdefault\u00a0\u00bb global_colors_info=\u00a0\u00bb{}\u00a0\u00bb][\/et_pb_team_member][\/et_pb_column][\/et_pb_row][et_pb_row column_structure=\u00a0\u00bb1_4,1_4,1_4,1_4&Prime; _builder_version=\u00a0\u00bb4.25.2&Prime; _module_preset=\u00a0\u00bbdefault\u00a0\u00bb global_colors_info=\u00a0\u00bb{}\u00a0\u00bb][et_pb_column type=\u00a0\u00bb1_4&Prime; _builder_version=\u00a0\u00bb4.25.2&Prime; _module_preset=\u00a0\u00bbdefault\u00a0\u00bb global_colors_info=\u00a0\u00bb{}\u00a0\u00bb][et_pb_team_member name=\u00a0\u00bbGuillaume LAQUAIS\u00a0\u00bb position=\u00a0\u00bbPr\u00e9sident ACEF Val de France\u00a0\u00bb image_url=\u00a0\u00bbhttp:\/\/congresfnas.fr\/wp-content\/uploads\/2024\/10\/guillaume_laquais_2.jpg\u00a0\u00bb _builder_version=\u00a0\u00bb4.25.2&Prime; _module_preset=\u00a0\u00bbdefault\u00a0\u00bb width=\u00a0\u00bb97%\u00a0\u00bb hover_enabled=\u00a0\u00bb0&Prime; global_colors_info=\u00a0\u00bb{}\u00a0\u00bb sticky_enabled=\u00a0\u00bb0&Prime;][\/et_pb_team_member][\/et_pb_column][et_pb_column _builder_version=\u00a0\u00bb4.25.2&Prime; _module_preset=\u00a0\u00bbdefault\u00a0\u00bb type=\u00a0\u00bb1_4&Prime;][et_pb_team_member name=\u00a0\u00bbG\u00e9rard DESJARDINS\u00a0\u00bb position=\u00a0\u00bbPr\u00e9sident D\u00e9l\u00e9gu\u00e9 ACEF Val de France\u00a0\u00bb image_url=\u00a0\u00bbhttp:\/\/congresfnas.fr\/wp-content\/uploads\/2024\/10\/general-desjardins-2-1.jpg\u00a0\u00bb _builder_version=\u00a0\u00bb4.25.2&Prime; _module_preset=\u00a0\u00bbdefault\u00a0\u00bb width=\u00a0\u00bb95%\u00a0\u00bb hover_enabled=\u00a0\u00bb0&Prime; global_colors_info=\u00a0\u00bb{}\u00a0\u00bb sticky_enabled=\u00a0\u00bb0&Prime;][\/et_pb_team_member][\/et_pb_column][et_pb_column _builder_version=\u00a0\u00bb4.25.2&Prime; _module_preset=\u00a0\u00bbdefault\u00a0\u00bb type=\u00a0\u00bb1_4&Prime;][et_pb_team_member name=\u00a0\u00bbJean-Claude MICHELI\u00a0\u00bb image_url=\u00a0\u00bbhttp:\/\/congresfnas.fr\/wp-content\/uploads\/2024\/10\/jean-claude-micheli-2.jpg\u00a0\u00bb _builder_version=\u00a0\u00bb4.25.2&Prime; _module_preset=\u00a0\u00bbdefault\u00a0\u00bb hover_enabled=\u00a0\u00bb0&Prime; global_colors_info=\u00a0\u00bb{}\u00a0\u00bb position=\u00a0\u00bbPr\u00e9sident D\u00e9l\u00e9gu\u00e9 ACEF Val de France\u00a0\u00bb sticky_enabled=\u00a0\u00bb0&Prime;][\/et_pb_team_member][\/et_pb_column][et_pb_column type=\u00a0\u00bb1_4&Prime; _builder_version=\u00a0\u00bb4.25.2&Prime; _module_preset=\u00a0\u00bbdefault\u00a0\u00bb global_colors_info=\u00a0\u00bb{}\u00a0\u00bb][et_pb_team_member name=\u00a0\u00bbMarie-Th\u00e9r\u00e8se LACHAUD\u00a0\u00bb image_url=\u00a0\u00bbhttp:\/\/congresfnas.fr\/wp-content\/uploads\/2024\/10\/marie-therese-2.jpg\u00a0\u00bb _builder_version=\u00a0\u00bb4.25.2&Prime; _module_preset=\u00a0\u00bbdefault\u00a0\u00bb hover_enabled=\u00a0\u00bb0&Prime; global_colors_info=\u00a0\u00bb{}\u00a0\u00bb position=\u00a0\u00bbPr\u00e9sidente D\u00e9l\u00e9gu\u00e9e ACEF Val de France\u00a0\u00bb sticky_enabled=\u00a0\u00bb0&Prime;][\/et_pb_team_member][\/et_pb_column][\/et_pb_row][et_pb_row column_structure=\u00a0\u00bb1_4,1_4,1_4,1_4&Prime; _builder_version=\u00a0\u00bb4.25.2&Prime; _module_preset=\u00a0\u00bbdefault\u00a0\u00bb custom_padding=\u00a0\u00bb||24px|||\u00a0\u00bb global_colors_info=\u00a0\u00bb{}\u00a0\u00bb][et_pb_column type=\u00a0\u00bb1_4&Prime; _builder_version=\u00a0\u00bb4.25.2&Prime; _module_preset=\u00a0\u00bbdefault\u00a0\u00bb global_colors_info=\u00a0\u00bb{}\u00a0\u00bb][et_pb_team_member name=\u00a0\u00bbJohanna PETIT \u00a0\u00bb position=\u00a0\u00bbAssistante administrative FNAS\u00a0\u00bb image_url=\u00a0\u00bbhttp:\/\/congresfnas.fr\/wp-content\/uploads\/2024\/10\/j-petit.jpg\u00a0\u00bb _builder_version=\u00a0\u00bb4.25.2&Prime; _module_preset=\u00a0\u00bbdefault\u00a0\u00bb max_width=\u00a0\u00bb83%\u00a0\u00bb global_colors_info=\u00a0\u00bb{}\u00a0\u00bb][\/et_pb_team_member][\/et_pb_column][et_pb_column type=\u00a0\u00bb1_4&Prime; _builder_version=\u00a0\u00bb4.25.2&Prime; _module_preset=\u00a0\u00bbdefault\u00a0\u00bb global_colors_info=\u00a0\u00bb{}\u00a0\u00bb][et_pb_team_member name=\u00a0\u00bbNicole SOLER\u00a0\u00bb position=\u00a0\u00bbOrganisation Congr\u00e8s\u00a0\u00bb image_url=\u00a0\u00bbhttp:\/\/congresfnas.fr\/wp-content\/uploads\/2024\/10\/nicole-soler.jpg\u00a0\u00bb _builder_version=\u00a0\u00bb4.25.2&Prime; _module_preset=\u00a0\u00bbdefault\u00a0\u00bb width=\u00a0\u00bb92%\u00a0\u00bb global_colors_info=\u00a0\u00bb{}\u00a0\u00bb]<\/p>\n<p>Accords Majeurs<\/p>\n<p>[\/et_pb_team_member][\/et_pb_column][et_pb_column type=\u00a0\u00bb1_4&Prime; _builder_version=\u00a0\u00bb4.25.2&Prime; _module_preset=\u00a0\u00bbdefault\u00a0\u00bb global_colors_info=\u00a0\u00bb{}\u00a0\u00bb][et_pb_team_member name=\u00a0\u00bbArmelle GUILLOUX\u00a0\u00bb position=\u00a0\u00bbOrganisation Congr\u00e8s\u00a0\u00bb image_url=\u00a0\u00bbhttp:\/\/congresfnas.fr\/wp-content\/uploads\/2024\/10\/armelle.png\u00a0\u00bb _builder_version=\u00a0\u00bb4.25.2&Prime; _module_preset=\u00a0\u00bbdefault\u00a0\u00bb width=\u00a0\u00bb100%\u00a0\u00bb max_width=\u00a0\u00bb94%\u00a0\u00bb hover_enabled=\u00a0\u00bb0&Prime; global_colors_info=\u00a0\u00bb{}\u00a0\u00bb sticky_enabled=\u00a0\u00bb0&Prime;]<\/p>\n<p><em>ellipse&amp;co<\/em><\/p>\n<p>[\/et_pb_team_member][\/et_pb_column][et_pb_column type=\u00a0\u00bb1_4&Prime; _builder_version=\u00a0\u00bb4.25.2&Prime; _module_preset=\u00a0\u00bbdefault\u00a0\u00bb global_colors_info=\u00a0\u00bb{}\u00a0\u00bb][\/et_pb_column][\/et_pb_row][\/et_pb_section]<\/p>\n","protected":false},"excerpt":{"rendered":"<p>LE COMIT\u00c9Accords Majeursellipse&amp;co<\/p>\n","protected":false},"author":1,"featured_media":0,"parent":0,"menu_order":0,"comment_status":"closed","ping_status":"closed","template":"","meta":{"_et_pb_use_builder":"on","_et_pb_old_content":"","_et_gb_content_width":"","footnotes":""},"class_list":["post-28","page","type-page","status-publish","hentry"],"_links":{"self":[{"href":"https:\/\/congresfnas.fr\/index.php\/wp-json\/wp\/v2\/pages\/28","targetHints":{"allow":["GET"]}}],"collection":[{"href":"https:\/\/congresfnas.fr\/index.php\/wp-json\/wp\/v2\/pages"}],"about":[{"href":"https:\/\/congresfnas.fr\/index.php\/wp-json\/wp\/v2\/types\/page"}],"author":[{"embeddable":true,"href":"https:\/\/congresfnas.fr\/index.php\/wp-json\/wp\/v2\/users\/1"}],"replies":[{"embeddable":true,"href":"https:\/\/congresfnas.fr\/index.php\/wp-json\/wp\/v2\/comments?post=28"}],"version-history":[{"count":25,"href":"https:\/\/congresfnas.fr\/index.php\/wp-json\/wp\/v2\/pages\/28\/revisions"}],"predecessor-version":[{"id":8592,"href":"https:\/\/congresfnas.fr\/index.php\/wp-json\/wp\/v2\/pages\/28\/revisions\/8592"}],"wp:attachment":[{"href":"https:\/\/congresfnas.fr\/index.php\/wp-json\/wp\/v2\/media?parent=28"}],"curies":[{"name":"wp","href":"https:\/\/api.w.org\/{rel}","templated":true}]}}